{"id":2789,"date":"2020-05-26T17:02:09","date_gmt":"2020-05-26T17:02:09","guid":{"rendered":"https:\/\/www.cinedeverano.es\/1\/?page_id=2789"},"modified":"2020-08-05T17:42:54","modified_gmt":"2020-08-05T17:42:54","slug":"politica-de-privacidad-de-datos","status":"publish","type":"page","link":"https:\/\/www.cinedeverano.es\/1\/politica-de-privacidad-de-datos\/","title":{"rendered":"POL\u00cdTICA DE PRIVACIDAD DE DATOS"},"content":{"rendered":"<p>[et_pb_section fb_built=\u00bb1&#8243; fullwidth=\u00bbon\u00bb _builder_version=\u00bb3.22&#8243; animation_style=\u00bbslide\u00bb animation_direction=\u00bbtop\u00bb animation_intensity_slide=\u00bb2%\u00bb animation_starting_opacity=\u00bb100%\u00bb][et_pb_fullwidth_header content_max_width=\u00bb700px\u00bb _builder_version=\u00bb4.0.6&#8243; title_font=\u00bbLato||||||||\u00bb title_font_size=\u00bb60px\u00bb title_line_height=\u00bb1.2em\u00bb content_font=\u00bb||||||||\u00bb content_font_size=\u00bb20px\u00bb content_line_height=\u00bb1.8em\u00bb background_color=\u00bbrgba(255, 255, 255, 0)\u00bb use_background_color_gradient=\u00bbon\u00bb background_color_gradient_start=\u00bbrgba(0,0,0,0.75)\u00bb background_color_gradient_end=\u00bbrgba(0,0,0,0)\u00bb background_color_gradient_direction=\u00bb90deg\u00bb background_color_gradient_overlays_image=\u00bbon\u00bb background_image=\u00bbhttp:\/\/www.cinedeverano.es\/1\/wp-content\/uploads\/2020\/05\/cine-de-verano-b.jpg\u00bb custom_button_one=\u00bbon\u00bb button_one_text_size=\u00bb18px\u00bb button_one_bg_color=\u00bb#02d002&#8243; button_one_border_width=\u00bb8px\u00bb button_one_border_color=\u00bb#02d002&#8243; button_one_border_radius=\u00bb0px\u00bb button_one_letter_spacing=\u00bb1px\u00bb button_one_font=\u00bbLato|700|||||||\u00bb button_one_use_icon=\u00bboff\u00bb custom_button_two=\u00bbon\u00bb button_two_text_size=\u00bb18px\u00bb button_two_text_color=\u00bb#353740&#8243; button_two_bg_color=\u00bb#ffffff\u00bb button_two_border_width=\u00bb8px\u00bb button_two_border_color=\u00bb#ffffff\u00bb button_two_border_radius=\u00bb0px\u00bb button_two_letter_spacing=\u00bb1px\u00bb button_two_font=\u00bbLato|700|||||||\u00bb button_two_use_icon=\u00bboff\u00bb custom_margin=\u00bb|||\u00bb custom_padding=\u00bb11.5%||12%|||\u00bb button_one_letter_spacing_hover=\u00bb1px\u00bb button_two_letter_spacing_hover=\u00bb1px\u00bb button_one_text_size__hover_enabled=\u00bboff\u00bb button_two_text_size__hover_enabled=\u00bboff\u00bb button_one_text_color__hover_enabled=\u00bboff\u00bb button_two_text_color__hover_enabled=\u00bboff\u00bb button_one_border_width__hover_enabled=\u00bboff\u00bb button_two_border_width__hover_enabled=\u00bboff\u00bb button_one_border_color__hover_enabled=\u00bboff\u00bb button_two_border_color__hover_enabled=\u00bboff\u00bb button_one_border_radius__hover_enabled=\u00bboff\u00bb button_two_border_radius__hover_enabled=\u00bboff\u00bb button_one_letter_spacing__hover_enabled=\u00bbon\u00bb button_one_letter_spacing__hover=\u00bb1px\u00bb button_two_letter_spacing__hover_enabled=\u00bbon\u00bb button_two_letter_spacing__hover=\u00bb1px\u00bb button_one_bg_color__hover_enabled=\u00bboff\u00bb button_two_bg_color__hover_enabled=\u00bboff\u00bb]<\/p>\n<p>&nbsp;<\/p>\n<p>&nbsp;<\/p>\n<p>[\/et_pb_fullwidth_header][\/et_pb_section][et_pb_section fb_built=\u00bb1&#8243; _builder_version=\u00bb4.0.6&#8243; min_height=\u00bb68px\u00bb custom_margin=\u00bb||-66px|||\u00bb custom_padding=\u00bb8px|||||\u00bb][et_pb_row _builder_version=\u00bb4.0.6&#8243; custom_padding=\u00bb0px|||||\u00bb][et_pb_column type=\u00bb4_4&#8243; _builder_version=\u00bb4.0.6&#8243;][et_pb_menu menu_id=\u00bb14&#8243; menu_style=\u00bbcentered\u00bb submenu_direction=\u00bbdownwards\u00bb _builder_version=\u00bb4.0.6&#8243; menu_font=\u00bb|600|||||||\u00bb menu_text_color=\u00bb#ff6600&#8243; menu_font_size=\u00bb13px\u00bb min_height=\u00bb24px\u00bb custom_margin=\u00bb-5px||-63px||false|false\u00bb custom_padding=\u00bb0px|||||\u00bb box_shadow_style=\u00bbpreset1&#8243; box_shadow_color=\u00bb#ff6600&#8243; global_module=\u00bb2338&#8243; saved_tabs=\u00bball\u00bb][\/et_pb_menu][\/et_pb_column][\/et_pb_row][\/et_pb_section][et_pb_section fb_built=\u00bb1&#8243; _builder_version=\u00bb4.0.6&#8243; custom_margin=\u00bb117px|||||\u00bb][et_pb_row _builder_version=\u00bb4.0.6&#8243; min_height=\u00bb288px\u00bb custom_margin=\u00bb-100px|auto||auto||\u00bb custom_padding=\u00bb116px|||||\u00bb][et_pb_column type=\u00bb4_4&#8243; _builder_version=\u00bb4.0.6&#8243;][et_pb_text _builder_version=\u00bb4.0.6&#8243; min_height=\u00bb325px\u00bb custom_margin=\u00bb-159px|||||\u00bb custom_padding=\u00bb14px||0px|||\u00bb]<\/p>\n<h2>POL\u00cdTICA DE PRIVACIDAD DE DATOS:<\/h2>\n<p>De conformidad con lo dispuesto en la Ley Org\u00e1nica 15\/1999, de Protecci\u00f3n de Datos de Car\u00e1cter Personal (LOPD) y su normativa de desarrollo, el responsable del sitio web, en cumplimiento de lo dispuesto en el art. 5 y 6 de la LOPD, <strong>ERESMA AUDIOVISUALES S.L.L.<\/strong> (en adelante www.cinedeverano.es o <strong>el prestador<\/strong>) informa a todos los usuarios del sitio web que faciliten o vayan a facilitar sus datos personales, que \u00e9stos ser\u00e1n incorporados a fichero\/s automatizado\/s que se encuentra\/n debidamente inscrito\/s en la Agencia Espa\u00f1ola de Protecci\u00f3n de Datos.<\/p>\n<p> Los usuarios, por el hecho de facilitar los datos a trav\u00e9s del presente sitio, aceptan expresamente y de forma libre e inequ\u00edvoca que sus datos personales sean tratados por parte del prestador con la finalidad de dar respuesta y realizar el seguimiento a las consultas recibidas, mantener el contacto con aquellas personas que hayan mostrado inter\u00e9s por la empresa, sus productos o servicios y remitir informaci\u00f3n los mismos por cualquier medio (postal o electr\u00f3nico).<\/p>\n<p> Los campos obligatorios estar\u00e1n se\u00f1alados claramente, ya que son necesarios para la prestaci\u00f3n de un servicio \u00f3ptimo al usuario. En caso de que no sean facilitados todos los datos, el prestador no garantiza que la informaci\u00f3n y servicios facilitados sean completamente ajustados a sus necesidades.<\/p>\n<p> Esta empresa tratar\u00e1 los citados datos con la m\u00e1xima confidencialidad, no efectuando cesiones o comunicaciones a terceros, al margen de las se\u00f1aladas por la normativa vigente (Organismos P\u00fablicos, Juzgados, Tribunales, etc.) y las necesarias para el correcto desarrollo de la presente relaci\u00f3n y derivadas de la misma (empresas de transporte, log\u00edstica, proveedores de medios de pago, etc.) y cualquier otro operador que intervenga en el proceso de compra y entrega.<br \/> Los formularios contenidos en el sitio Web no van dirigidos a personas menores de edad. El prestador no se hace responsable de los casos en que personas menores de edad le hayan remitido datos de car\u00e1cter personal a trav\u00e9s de esta Web. No obstante, tan pronto como tenga conocimiento de este hecho proceder\u00e1 a la inmediata destrucci\u00f3n de estos datos.<\/p>\n<p> El prestador garantiza en todo caso al usuario el ejercicio de los derechos de acceso, rectificaci\u00f3n, cancelaci\u00f3n, informaci\u00f3n y oposici\u00f3n, en los t\u00e9rminos dispuestos en la legislaci\u00f3n vigente. Por ello, de conformidad con lo dispuesto en la Ley Org\u00e1nica 15\/1999, de Protecci\u00f3n de Datos de Car\u00e1cter Personal (LOPD) podr\u00e1 ejercer sus derechos remitiendo una solicitud expresa, junto a una copia de su DNI, a trav\u00e9s de los siguientes medios:<\/p>\n<p>E-Mail: <a href=\"mailto:eresma@cinedeverano.es\">eresma@cinedeverano.es<\/a><br \/> Correo Postal: <strong>C\/ Olmillo, 1 \u2013 2\u00baB \u2013 47410 Olmedo (Valladolid)<br \/><\/strong><br \/> El Usuario podr\u00e1 darse de baja de cualquiera de los servicios de suscripci\u00f3n facilitados haciendo clic en el apartado darse de baja de todos los correos electr\u00f3nicos remitidos por parte del prestador.<br \/> Del mismo modo, el prestador ha adoptado todas las medidas t\u00e9cnicas y organizativas necesarias para garantizar la seguridad e integridad de los datos de car\u00e1cter personal que trate, as\u00ed como para evitar su p\u00e9rdida, alteraci\u00f3n y\/o acceso por parte de terceros no autorizados.<\/p>\n<p>El Usuario garantiza la veracidad de los datos facilitados a El prestador y es responsable de mantenerlos completamente actualizados mientras dure su condici\u00f3n. En todo caso, el Usuario ser\u00e1 el \u00fanico responsable de las manifestaciones falsas o inexactas que realice y de los perjuicios que cause a El prestador o a terceros por la informaci\u00f3n que facilite.<\/p>\n<p>[\/et_pb_text][\/et_pb_column][\/et_pb_row][et_pb_row _builder_version=\u00bb4.0.6&#8243;][et_pb_column type=\u00bb4_4&#8243; _builder_version=\u00bb4.0.6&#8243;][et_pb_image src=\u00bbhttp:\/\/www.cinedeverano.es\/1\/wp-content\/uploads\/2020\/08\/bajo-cine-verano.jpg\u00bb show_in_lightbox=\u00bbon\u00bb _builder_version=\u00bb4.0.6&#8243; hover_enabled=\u00bb0&#8243;][\/et_pb_image][et_pb_menu menu_id=\u00bb13&#8243; menu_style=\u00bbcentered\u00bb submenu_direction=\u00bbupwards\u00bb _builder_version=\u00bb4.0.6&#8243; menu_font=\u00bb|600|||||||\u00bb menu_text_color=\u00bb#ff6600&#8243; menu_font_size=\u00bb13px\u00bb box_shadow_style=\u00bbpreset1&#8243; box_shadow_color=\u00bb#ff6600&#8243;][\/et_pb_menu][\/et_pb_column][\/et_pb_row][\/et_pb_section]<\/p>\n","protected":false},"excerpt":{"rendered":"<p>[et_pb_section fb_built=\u00bb1&#8243; fullwidth=\u00bbon\u00bb _builder_version=\u00bb3.22&#8243; animation_style=\u00bbslide\u00bb animation_direction=\u00bbtop\u00bb animation_intensity_slide=\u00bb2%\u00bb animation_starting_opacity=\u00bb100%\u00bb][et_pb_fullwidth_header content_max_width=\u00bb700px\u00bb _builder_version=\u00bb4.0.6&#8243; title_font=\u00bbLato||||||||\u00bb title_font_size=\u00bb60px\u00bb title_line_height=\u00bb1.2em\u00bb content_font=\u00bb||||||||\u00bb content_font_size=\u00bb20px\u00bb content_line_height=\u00bb1.8em\u00bb background_color=\u00bbrgba(255, 255, 255, 0)\u00bb use_background_color_gradient=\u00bbon\u00bb background_color_gradient_start=\u00bbrgba(0,0,0,0.75)\u00bb background_color_gradient_end=\u00bbrgba(0,0,0,0)\u00bb background_color_gradient_direction=\u00bb90deg\u00bb background_color_gradient_overlays_image=\u00bbon\u00bb background_image=\u00bbhttp:\/\/www.cinedeverano.es\/1\/wp-content\/uploads\/2020\/05\/cine-de-verano-b.jpg\u00bb custom_button_one=\u00bbon\u00bb button_one_text_size=\u00bb18px\u00bb button_one_bg_color=\u00bb#02d002&#8243; button_one_border_width=\u00bb8px\u00bb button_one_border_color=\u00bb#02d002&#8243; button_one_border_radius=\u00bb0px\u00bb button_one_letter_spacing=\u00bb1px\u00bb button_one_font=\u00bbLato|700|||||||\u00bb button_one_use_icon=\u00bboff\u00bb custom_button_two=\u00bbon\u00bb button_two_text_size=\u00bb18px\u00bb button_two_text_color=\u00bb#353740&#8243; button_two_bg_color=\u00bb#ffffff\u00bb button_two_border_width=\u00bb8px\u00bb button_two_border_color=\u00bb#ffffff\u00bb button_two_border_radius=\u00bb0px\u00bb button_two_letter_spacing=\u00bb1px\u00bb button_two_font=\u00bbLato|700|||||||\u00bb button_two_use_icon=\u00bboff\u00bb custom_margin=\u00bb|||\u00bb custom_padding=\u00bb11.5%||12%|||\u00bb button_one_letter_spacing_hover=\u00bb1px\u00bb button_two_letter_spacing_hover=\u00bb1px\u00bb button_one_text_size__hover_enabled=\u00bboff\u00bb button_two_text_size__hover_enabled=\u00bboff\u00bb button_one_text_color__hover_enabled=\u00bboff\u00bb button_two_text_color__hover_enabled=\u00bboff\u00bb button_one_border_width__hover_enabled=\u00bboff\u00bb button_two_border_width__hover_enabled=\u00bboff\u00bb [&hellip;]<\/p>\n","protected":false},"author":1,"featured_media":0,"parent":0,"menu_order":0,"comment_status":"closed","ping_status":"closed","template":"page-template-blank.php","meta":{"_et_pb_use_builder":"on","_et_pb_old_content":"","footnotes":""},"class_list":["post-2789","page","type-page","status-publish","hentry"],"_links":{"self":[{"href":"https:\/\/www.cinedeverano.es\/1\/wp-json\/wp\/v2\/pages\/2789","targetHints":{"allow":["GET"]}}],"collection":[{"href":"https:\/\/www.cinedeverano.es\/1\/wp-json\/wp\/v2\/pages"}],"about":[{"href":"https:\/\/www.cinedeverano.es\/1\/wp-json\/wp\/v2\/types\/page"}],"author":[{"embeddable":true,"href":"https:\/\/www.cinedeverano.es\/1\/wp-json\/wp\/v2\/users\/1"}],"replies":[{"embeddable":true,"href":"https:\/\/www.cinedeverano.es\/1\/wp-json\/wp\/v2\/comments?post=2789"}],"version-history":[{"count":4,"href":"https:\/\/www.cinedeverano.es\/1\/wp-json\/wp\/v2\/pages\/2789\/revisions"}],"predecessor-version":[{"id":2923,"href":"https:\/\/www.cinedeverano.es\/1\/wp-json\/wp\/v2\/pages\/2789\/revisions\/2923"}],"wp:attachment":[{"href":"https:\/\/www.cinedeverano.es\/1\/wp-json\/wp\/v2\/media?parent=2789"}],"curies":[{"name":"wp","href":"https:\/\/api.w.org\/{rel}","templated":true}]}}