{"id":2779,"date":"2020-05-26T16:36:50","date_gmt":"2020-05-26T16:36:50","guid":{"rendered":"https:\/\/www.cinedeverano.es\/1\/?page_id=2779"},"modified":"2021-03-01T11:59:31","modified_gmt":"2021-03-01T11:59:31","slug":"politica-de-cookies-2","status":"publish","type":"page","link":"https:\/\/www.cinedeverano.es\/1\/politica-de-cookies-2\/","title":{"rendered":"POL\u00cdTICA DE COOKIES"},"content":{"rendered":"<p>[et_pb_section fb_built=\u00bb1&#8243; fullwidth=\u00bbon\u00bb _builder_version=\u00bb3.22&#8243; animation_style=\u00bbslide\u00bb animation_direction=\u00bbtop\u00bb animation_intensity_slide=\u00bb2%\u00bb animation_starting_opacity=\u00bb100%\u00bb][et_pb_fullwidth_header content_max_width=\u00bb700px\u00bb _builder_version=\u00bb4.0.6&#8243; title_font=\u00bbLato||||||||\u00bb title_font_size=\u00bb60px\u00bb title_line_height=\u00bb1.2em\u00bb content_font=\u00bb||||||||\u00bb content_font_size=\u00bb20px\u00bb content_line_height=\u00bb1.8em\u00bb background_color=\u00bbrgba(255, 255, 255, 0)\u00bb use_background_color_gradient=\u00bbon\u00bb background_color_gradient_start=\u00bbrgba(0,0,0,0.75)\u00bb background_color_gradient_end=\u00bbrgba(0,0,0,0)\u00bb background_color_gradient_direction=\u00bb90deg\u00bb background_color_gradient_overlays_image=\u00bbon\u00bb background_image=\u00bbhttp:\/\/www.cinedeverano.es\/1\/wp-content\/uploads\/2020\/05\/cine-de-verano-b.jpg\u00bb custom_button_one=\u00bbon\u00bb button_one_text_size=\u00bb18px\u00bb button_one_bg_color=\u00bb#02d002&#8243; button_one_border_width=\u00bb8px\u00bb button_one_border_color=\u00bb#02d002&#8243; button_one_border_radius=\u00bb0px\u00bb button_one_letter_spacing=\u00bb1px\u00bb button_one_font=\u00bbLato|700|||||||\u00bb button_one_use_icon=\u00bboff\u00bb custom_button_two=\u00bbon\u00bb button_two_text_size=\u00bb18px\u00bb button_two_text_color=\u00bb#353740&#8243; button_two_bg_color=\u00bb#ffffff\u00bb button_two_border_width=\u00bb8px\u00bb button_two_border_color=\u00bb#ffffff\u00bb button_two_border_radius=\u00bb0px\u00bb button_two_letter_spacing=\u00bb1px\u00bb button_two_font=\u00bbLato|700|||||||\u00bb button_two_use_icon=\u00bboff\u00bb custom_margin=\u00bb|||\u00bb custom_padding=\u00bb11.5%||12%|||\u00bb button_one_letter_spacing_hover=\u00bb1px\u00bb button_two_letter_spacing_hover=\u00bb1px\u00bb button_one_text_size__hover_enabled=\u00bboff\u00bb button_two_text_size__hover_enabled=\u00bboff\u00bb button_one_text_color__hover_enabled=\u00bboff\u00bb button_two_text_color__hover_enabled=\u00bboff\u00bb button_one_border_width__hover_enabled=\u00bboff\u00bb button_two_border_width__hover_enabled=\u00bboff\u00bb button_one_border_color__hover_enabled=\u00bboff\u00bb button_two_border_color__hover_enabled=\u00bboff\u00bb button_one_border_radius__hover_enabled=\u00bboff\u00bb button_two_border_radius__hover_enabled=\u00bboff\u00bb button_one_letter_spacing__hover_enabled=\u00bbon\u00bb button_one_letter_spacing__hover=\u00bb1px\u00bb button_two_letter_spacing__hover_enabled=\u00bbon\u00bb button_two_letter_spacing__hover=\u00bb1px\u00bb button_one_bg_color__hover_enabled=\u00bboff\u00bb button_two_bg_color__hover_enabled=\u00bboff\u00bb]<\/p>\n<p>&nbsp;<\/p>\n<p>&nbsp;<\/p>\n<p>[\/et_pb_fullwidth_header][\/et_pb_section][et_pb_section fb_built=\u00bb1&#8243; _builder_version=\u00bb4.0.6&#8243; min_height=\u00bb68px\u00bb custom_margin=\u00bb||-66px|||\u00bb custom_padding=\u00bb8px|||||\u00bb][et_pb_row _builder_version=\u00bb4.0.6&#8243; custom_padding=\u00bb0px|||||\u00bb][et_pb_column type=\u00bb4_4&#8243; _builder_version=\u00bb4.0.6&#8243;][et_pb_menu menu_id=\u00bb14&#8243; menu_style=\u00bbcentered\u00bb submenu_direction=\u00bbdownwards\u00bb _builder_version=\u00bb4.0.6&#8243; menu_font=\u00bb|600|||||||\u00bb menu_text_color=\u00bb#ff6600&#8243; menu_font_size=\u00bb13px\u00bb min_height=\u00bb24px\u00bb custom_margin=\u00bb-5px||-63px||false|false\u00bb custom_padding=\u00bb0px|||||\u00bb box_shadow_style=\u00bbpreset1&#8243; box_shadow_color=\u00bb#ff6600&#8243; global_module=\u00bb2338&#8243; saved_tabs=\u00bball\u00bb][\/et_pb_menu][\/et_pb_column][\/et_pb_row][\/et_pb_section][et_pb_section fb_built=\u00bb1&#8243; _builder_version=\u00bb4.0.6&#8243; custom_margin=\u00bb117px|||||\u00bb][et_pb_row _builder_version=\u00bb4.0.6&#8243; min_height=\u00bb288px\u00bb custom_margin=\u00bb-100px|auto||auto||\u00bb custom_padding=\u00bb116px|||||\u00bb][et_pb_column type=\u00bb4_4&#8243; _builder_version=\u00bb4.0.6&#8243;][et_pb_text _builder_version=\u00bb4.0.6&#8243; min_height=\u00bb325px\u00bb custom_margin=\u00bb-159px|||||\u00bb custom_padding=\u00bb14px||0px|||\u00bb]<\/p>\n<h3>1OL\u00cdTICA DE COOKIES:<\/h3>\n<p><strong>ERESMA AUDIOVISUALES S.L.L. (www.cinedeverano.es)<\/strong>, le informa que en este sitio web se utilizan <strong>cookies<\/strong>.<\/p>\n<div class=\"et_pb_module et_pb_text et_pb_text_0 et_pb_bg_layout_light  et_pb_text_align_left\">\n<div class=\"et_pb_text_inner\">\n<p><span>En cumplimiento de la Ley 34\/2002 de 11 de julio de Servicios de la Sociedad de la Informaci\u00f3n y de Comercio Electr\u00f3nico (LSSICE), te informamos de que este sitio web<\/span><span>\u00a0<\/span><strong>Dise\u00f1o Web en Valladolid<\/strong><span>\u00a0<\/span><span>utiliza cookies.<\/span><\/p>\n<p>La LSSICE se aplica a cualquier clase de archivo o dispositivo que se descargue en el equipo terminal de un usuario con el fin de almacenar datos que podr\u00e1n ser actualizados y recuperados por la entidad responsable de su instalaci\u00f3n. Una cookie es uno de esos archivos de uso generalizado a los que, denominaremos gen\u00e9ricamente como cookies.<\/p>\n<p>Las cookies (en castellano, galletas) son peque\u00f1os ficheros de texto enviados a un navegador desde un servidor web para registrar actividad del usuario en un sitio web de modo que se pueda recuperar esa informaci\u00f3n con posterioridad durante la navegaci\u00f3n por las diferentes p\u00e1ginas que est\u00e9n conectadas al servidor que se las instal\u00f3.<\/p>\n<p>Las<span>\u00a0<\/span><em>cookies<\/em><span>\u00a0<\/span>suelen almacenar informaci\u00f3n de car\u00e1cter t\u00e9cnico, preferencias personales, personalizaci\u00f3n de contenidos, estad\u00edsticas de uso, enlaces a redes sociales, acceso a cuentas de usuario, etc.<\/p>\n<h3>Tipos de cookies<\/h3>\n<p>A continuaci\u00f3n, se realiza una clasificaci\u00f3n de las cookies en funci\u00f3n de una serie de categor\u00edas. No obstante es necesario tener en cuenta que una misma cookie puede estar incluida en m\u00e1s de una categor\u00eda.<\/p>\n<h2>Seg\u00fan la entidad que las gestiona<\/h2>\n<ul>\n<li><b>Cookies propias:<\/b><span>\u00a0<\/span>Son aquellas que se env\u00edan al equipo terminal del usuario desde un equipo o dominio gestionado por el propio editor y desde el que se presta el servicio solicitado por el usuario.<\/li>\n<li><b>Cookies de terceros:<\/b><span>\u00a0<\/span>Son aquellas que se env\u00edan al equipo terminal del usuario desde un equipo o dominio que no es gestionado por el editor, sino por otra entidad que trata los datos obtenidos trav\u00e9s de las cookies.<\/li>\n<\/ul>\n<p>En el caso de que las cookies sean instaladas desde un equipo o dominio gestionado por el propio editor pero la informaci\u00f3n que se recoja mediante estas sea gestionada por un tercero, no son consideradas cookies propias.<\/p>\n<h2>Seg\u00fan el plazo de tiempo que permanecen activadas<\/h2>\n<p>Seg\u00fan el plazo de tiempo que permanecen activadas en el equipo terminal podemos distinguir:<\/p>\n<ul>\n<li><b>Cookies de sesi\u00f3n:<\/b><span>\u00a0<\/span>Son un tipo de cookies dise\u00f1adas para recabar y almacenar datos mientras el usuario accede a una p\u00e1gina web. Se suelen emplear para almacenar informaci\u00f3n que solo interesa conservar para la prestaci\u00f3n del servicio solicitado por el usuario en una sola ocasi\u00f3n (p.e. una lista de productos adquiridos).<\/li>\n<li><b>Cookies persistentes:<\/b><span>\u00a0<\/span>Son un tipo de cookies en el que los datos siguen almacenados en el terminal y pueden ser accedidos y tratados durante un periodo definido por el responsable de la cookie, y que puede ir de unos minutos a varios a\u00f1os.<\/li>\n<\/ul>\n<h2>Seg\u00fan su finalidad<\/h2>\n<p>Seg\u00fan la finalidad para la que se traten los datos obtenidos a trav\u00e9s de las cookies, podemos distinguir entre:<\/p>\n<ul>\n<li><b>Cookies t\u00e9cnicas:<\/b><span>\u00a0<\/span>Son aquellas que permiten al usuario la navegaci\u00f3n a trav\u00e9s de una p\u00e1gina web, plataforma o aplicaci\u00f3n y la utilizaci\u00f3n de las diferentes opciones o servicios que en ella existan como, por ejemplo, controlar el tr\u00e1fico y la comunicaci\u00f3n de datos, identificar la sesi\u00f3n, acceder a partes de acceso restringido, recordar los elementos que integran un pedido, realizar el proceso de compra de un pedido, realizar la solicitud de inscripci\u00f3n o participaci\u00f3n en un evento, utilizar elementos de seguridad durante la navegaci\u00f3n, almacenar contenidos para la difusi\u00f3n de videos o sonido o compartir contenidos a trav\u00e9s de redes sociales.<\/li>\n<li><b>Cookies de personalizaci\u00f3n:<\/b><span>\u00a0<\/span>Son aquellas que permiten al usuario acceder al servicio con algunas caracter\u00edsticas de car\u00e1cter general predefinidas en funci\u00f3n de una serie de criterios en el terminal del usuario como por ejemplo serian el idioma, el tipo de navegador a trav\u00e9s del cual accede al servicio, la configuraci\u00f3n regional desde donde accede al servicio, etc.<\/li>\n<li><b>Cookies de an\u00e1lisis:<\/b><span>\u00a0<\/span>Son aquellas que permiten al responsable de las mismas, el seguimiento y an\u00e1lisis del comportamiento de los usuarios de los sitios web a los que est\u00e1n vinculadas. La informaci\u00f3n recogida mediante este tipo de cookies se utiliza en la medici\u00f3n de la actividad de los sitios web, aplicaci\u00f3n o plataforma y para la elaboraci\u00f3n de perfiles de navegaci\u00f3n de los usuarios de dichos sitios, aplicaciones y plataformas, con el fin de introducir mejoras en funci\u00f3n del an\u00e1lisis de los datos de uso que hacen los usuarios del servicio.<\/li>\n<li><b>Cookies publicitarias:<\/b><span>\u00a0<\/span>Son aquellas que permiten la gesti\u00f3n, de la forma m\u00e1s eficaz posible, de los espacios publicitarios que, en su caso, el editor haya incluido en una p\u00e1gina web, aplicaci\u00f3n o plataforma desde la que presta el servicio solicitado en base a criterios como el contenido editado o la frecuencia en la que se muestran los anuncios.<\/li>\n<li><b>Cookies de publicidad comportamental:<\/b><span>\u00a0<\/span>Son aquellas que permiten la gesti\u00f3n, de la forma m\u00e1s eficaz posible, de los espacios publicitarios que, en su caso, el editor haya incluido en una p\u00e1gina web, aplicaci\u00f3n o plataforma desde la que presta el servicio solicitado. Estas cookies almacenan informaci\u00f3n del comportamiento de los usuarios obtenida a trav\u00e9s de la observaci\u00f3n continuada de sus h\u00e1bitos de navegaci\u00f3n, lo que permite desarrollar un perfil espec\u00edfico para mostrar publicidad en funci\u00f3n del mismo.<\/li>\n<\/ul>\n<h3>C\u00f3mo desactivar las cookies en los principales navegadores web<\/h3>\n<p>Para configurar el uso de cookies, sigue las instrucciones correspondientes a tu navegador o consulta su ayuda:<\/p>\n<ul>\n<li><a href=\"https:\/\/support.apple.com\/es-es\/HT201265\">Safari<\/a><\/li>\n<li><a href=\"https:\/\/support.mozilla.org\/es\/kb\/habilitar-y-deshabilitar-cookies-sitios-web-rastrear-preferencias?redirectlocale=es&amp;redirectslug=habilitar-y-deshabilitar-cookies-que-los-sitios-we\">Firefox<\/a><\/li>\n<li><a href=\"https:\/\/support.google.com\/chrome\/answer\/95647?hl=es-es\">Chrome<\/a><\/li>\n<li><a href=\"https:\/\/www.opera.com\/help\/tutorials\/security\/privacy\/\">\u00d3pera<\/a><\/li>\n<li><a href=\"https:\/\/support.microsoft.com\/es-es\/help\/17442\/windows-internet-explorer-delete-manage-cookies\">Internet Explorer<\/a><\/li>\n<li><a href=\"https:\/\/privacy.microsoft.com\/es-es\/windows-10-microsoft-edge-and-privacy\">Edge<\/a><\/li>\n<\/ul>\n<h3>Qu\u00e9 sucede si no se aceptan las cookies<\/h3>\n<p>El rechazo de las cookies puede impedir el acceso a contenidos y servicios personalizados.<\/p>\n<h3>Actualizaciones y modificaciones en la pol\u00edtica de cookies.<\/h3>\n<p>Dise\u00f1o Web en Valladolid puede modificar esta pol\u00edtica de cookies en funci\u00f3n de las exigencias legislativas, reglamentarias, con la finalidad de adaptar dicha pol\u00edtica a las instrucciones dictadas por la Agencia Espa\u00f1ola de Protecci\u00f3n de Datos, por cuestiones t\u00e9cnicas o de reorganizaci\u00f3n de la web; por ello te aconsejamos que la visites peri\u00f3dicamente.<\/p>\n<p>Para una informaci\u00f3n m\u00e1s completa sobre cookies puede consultar el siguiente enlace:<br \/><a href=\"http:\/\/es.wikipedia.org\/wiki\/Cookie_(inform%C3%A1tica)\">http:\/\/es.wikipedia.org\/wiki\/Cookie_(inform\u00e1tica)<\/a><\/p>\n<p><strong>Las cookies utilizadas en esta web (Marzo 2021),\u00a0<\/strong><span>son las propias del servidor ( profesionalhosting.com\/contratos\/cookies.html<\/span><span>) , las de WordPress, la de los pulling instalados as\u00ed como las puestas en el programa \u201cElegant Themes\u201d que es con el que est\u00e1 hecha esta p\u00e1gina y son<\/span><\/p>\n<\/div>\n<\/div>\n<div class=\"et_pb_module et_pb_text et_pb_text_1 et_pb_bg_layout_light  et_pb_text_align_left\">\n<div class=\"et_pb_text_inner\">\n<table width=\"100%\" border=\"1\" bordercolor=\"#000000\" cellpadding=\"4\" cellspacing=\"0\">\n<tbody>\n<tr valign=\"TOP\">\n<td width=\"18%\">1P_JAR<\/td>\n<td width=\"46%\">Cookie que transfiere datos a Google para hacer la publicidad m\u00e1s atractiva.<\/td>\n<td width=\"13%\">15 d\u00edas.<\/td>\n<td width=\"23%\">gstatic.com<\/td>\n<\/tr>\n<tr valign=\"TOP\">\n<td width=\"18%\">CONSENT<\/td>\n<td width=\"46%\">Funci\u00f3n de aceptaci\u00f3n de cookies en sitios web<\/td>\n<td width=\"13%\">Permanente<\/td>\n<td width=\"23%\">gstatic.com<\/td>\n<\/tr>\n<tr valign=\"TOP\">\n<td width=\"18%\">__utma<\/td>\n<td width=\"46%\">Se usa para distinguir usuarios y sesiones. La cookie se crea cuando se ejecuta la biblioteca JavaScript y no hay ninguna cookie __utma. La cookie se actualiza cada vez que se env\u00edan datos a Google Analytics.<\/td>\n<td width=\"13%\">Cookie de sesion<\/td>\n<td width=\"23%\">\n<p>.cinedeverano.es<\/p>\n<p>&nbsp;<\/p>\n<\/td>\n<\/tr>\n<tr valign=\"TOP\">\n<td width=\"18%\">__utmz<\/td>\n<td width=\"46%\">Almacena la fuente de tr\u00e1fico o la campa\u00f1a que explica c\u00f3mo ha llegado el usuario al sitio. La cookie se crea cuando se ejecuta la biblioteca JavaScript y se actualiza cada vez que se env\u00edan datos a Google Analytics.<\/td>\n<td width=\"13%\">Permanente<\/td>\n<td width=\"23%\">.cinedeverano.es<\/td>\n<\/tr>\n<tr valign=\"TOP\">\n<td width=\"18%\">avisocookies<\/td>\n<td width=\"46%\">Esta cookie avisa que la p\u00e1gina tiene cookies<\/td>\n<td width=\"13%\">\n<p>1a\u00f1o<\/p>\n<p>&nbsp;<\/p>\n<\/td>\n<td width=\"23%\">www.cinedeverano.es<\/td>\n<\/tr>\n<tr valign=\"TOP\">\n<td width=\"18%\">cookie_notice_accepted<\/td>\n<td width=\"46%\">Esta cookie recuerda si se ha aceptado el mensaje de aviso sobre cookies para dejar de mostrarlo durante el tiempo en que est\u00e9 activa.<\/td>\n<td width=\"13%\">15 d\u00edas<\/td>\n<td width=\"23%\">www.cinedeverano.es<\/td>\n<\/tr>\n<tr valign=\"TOP\">\n<td width=\"18%\">wfwaf-authcookie<\/td>\n<td width=\"46%\">Esta cookie es establecida por el plugin de seguridad de WordPress \u00abWordfence\u00bb. Se utiliza para autenticar la solicitud de inicio de sesi\u00f3n del usuario.<\/td>\n<td width=\"13%\">1 d\u00eda<\/td>\n<td width=\"23%\">www.cinedeverano.es<\/td>\n<\/tr>\n<tr valign=\"TOP\">\n<td width=\"18%\">wp-settings-1<\/td>\n<td width=\"46%\">Esto se utiliza para personalizar su vista de la interfaz de administraci\u00f3n, y posiblemente tambi\u00e9n la interfaz principal del sitio.<\/td>\n<td width=\"13%\">1 a\u00f1o<\/td>\n<td width=\"23%\">www.cinedeverano.es<\/td>\n<\/tr>\n<tr valign=\"TOP\">\n<td width=\"18%\">wp-settings-time-1<\/td>\n<td width=\"46%\">Establecido por WordPress, utilizado para personalizar la interfaz del sitio principal.<\/td>\n<td width=\"13%\">1 a\u00f1o<\/td>\n<td width=\"23%\">www.cinedeverano.es<\/td>\n<\/tr>\n<\/tbody>\n<\/table>\n<p>Contacto<\/p>\n<\/div>\n<\/div>\n<p>Si tiene dudas sobre esta pol\u00edtica de cookies, puede contactar con nosotros a trav\u00e9s de nuestro correo electr\u00f3nico <a href=\"mailto:eresma@cinedeverano.es\">eresma@cinedeverano.es<\/a><\/p>\n<p>&nbsp;<\/p>\n<p>[\/et_pb_text][\/et_pb_column][\/et_pb_row][et_pb_row _builder_version=\u00bb4.0.6&#8243;][et_pb_column type=\u00bb4_4&#8243; _builder_version=\u00bb4.0.6&#8243;][et_pb_image src=\u00bbhttp:\/\/www.cinedeverano.es\/1\/wp-content\/uploads\/2020\/08\/bajo-cine-verano.jpg\u00bb show_in_lightbox=\u00bbon\u00bb _builder_version=\u00bb4.0.6&#8243;][\/et_pb_image][et_pb_menu menu_id=\u00bb13&#8243; menu_style=\u00bbcentered\u00bb submenu_direction=\u00bbupwards\u00bb _builder_version=\u00bb4.0.6&#8243; menu_font=\u00bb|600|||||||\u00bb menu_text_color=\u00bb#ff6600&#8243; menu_font_size=\u00bb13px\u00bb box_shadow_style=\u00bbpreset1&#8243; box_shadow_color=\u00bb#ff6600&#8243;][\/et_pb_menu][\/et_pb_column][\/et_pb_row][\/et_pb_section]<\/p>\n","protected":false},"excerpt":{"rendered":"<p>[et_pb_section fb_built=\u00bb1&#8243; fullwidth=\u00bbon\u00bb _builder_version=\u00bb3.22&#8243; animation_style=\u00bbslide\u00bb animation_direction=\u00bbtop\u00bb animation_intensity_slide=\u00bb2%\u00bb animation_starting_opacity=\u00bb100%\u00bb][et_pb_fullwidth_header content_max_width=\u00bb700px\u00bb _builder_version=\u00bb4.0.6&#8243; title_font=\u00bbLato||||||||\u00bb title_font_size=\u00bb60px\u00bb title_line_height=\u00bb1.2em\u00bb content_font=\u00bb||||||||\u00bb content_font_size=\u00bb20px\u00bb content_line_height=\u00bb1.8em\u00bb background_color=\u00bbrgba(255, 255, 255, 0)\u00bb use_background_color_gradient=\u00bbon\u00bb background_color_gradient_start=\u00bbrgba(0,0,0,0.75)\u00bb background_color_gradient_end=\u00bbrgba(0,0,0,0)\u00bb background_color_gradient_direction=\u00bb90deg\u00bb background_color_gradient_overlays_image=\u00bbon\u00bb background_image=\u00bbhttp:\/\/www.cinedeverano.es\/1\/wp-content\/uploads\/2020\/05\/cine-de-verano-b.jpg\u00bb custom_button_one=\u00bbon\u00bb button_one_text_size=\u00bb18px\u00bb button_one_bg_color=\u00bb#02d002&#8243; button_one_border_width=\u00bb8px\u00bb button_one_border_color=\u00bb#02d002&#8243; button_one_border_radius=\u00bb0px\u00bb button_one_letter_spacing=\u00bb1px\u00bb button_one_font=\u00bbLato|700|||||||\u00bb button_one_use_icon=\u00bboff\u00bb custom_button_two=\u00bbon\u00bb button_two_text_size=\u00bb18px\u00bb button_two_text_color=\u00bb#353740&#8243; button_two_bg_color=\u00bb#ffffff\u00bb button_two_border_width=\u00bb8px\u00bb button_two_border_color=\u00bb#ffffff\u00bb button_two_border_radius=\u00bb0px\u00bb button_two_letter_spacing=\u00bb1px\u00bb button_two_font=\u00bbLato|700|||||||\u00bb button_two_use_icon=\u00bboff\u00bb custom_margin=\u00bb|||\u00bb custom_padding=\u00bb11.5%||12%|||\u00bb button_one_letter_spacing_hover=\u00bb1px\u00bb button_two_letter_spacing_hover=\u00bb1px\u00bb button_one_text_size__hover_enabled=\u00bboff\u00bb button_two_text_size__hover_enabled=\u00bboff\u00bb button_one_text_color__hover_enabled=\u00bboff\u00bb button_two_text_color__hover_enabled=\u00bboff\u00bb button_one_border_width__hover_enabled=\u00bboff\u00bb button_two_border_width__hover_enabled=\u00bboff\u00bb [&hellip;]<\/p>\n","protected":false},"author":1,"featured_media":0,"parent":0,"menu_order":0,"comment_status":"closed","ping_status":"closed","template":"page-template-blank.php","meta":{"_et_pb_use_builder":"on","_et_pb_old_content":"","footnotes":""},"class_list":["post-2779","page","type-page","status-publish","hentry"],"_links":{"self":[{"href":"https:\/\/www.cinedeverano.es\/1\/wp-json\/wp\/v2\/pages\/2779","targetHints":{"allow":["GET"]}}],"collection":[{"href":"https:\/\/www.cinedeverano.es\/1\/wp-json\/wp\/v2\/pages"}],"about":[{"href":"https:\/\/www.cinedeverano.es\/1\/wp-json\/wp\/v2\/types\/page"}],"author":[{"embeddable":true,"href":"https:\/\/www.cinedeverano.es\/1\/wp-json\/wp\/v2\/users\/1"}],"replies":[{"embeddable":true,"href":"https:\/\/www.cinedeverano.es\/1\/wp-json\/wp\/v2\/comments?post=2779"}],"version-history":[{"count":6,"href":"https:\/\/www.cinedeverano.es\/1\/wp-json\/wp\/v2\/pages\/2779\/revisions"}],"predecessor-version":[{"id":2927,"href":"https:\/\/www.cinedeverano.es\/1\/wp-json\/wp\/v2\/pages\/2779\/revisions\/2927"}],"wp:attachment":[{"href":"https:\/\/www.cinedeverano.es\/1\/wp-json\/wp\/v2\/media?parent=2779"}],"curies":[{"name":"wp","href":"https:\/\/api.w.org\/{rel}","templated":true}]}}